{"id":16,"date":"2019-09-18T07:19:56","date_gmt":"2019-09-18T07:19:56","guid":{"rendered":"http:\/\/damlatarim.com\/?page_id=16"},"modified":"2019-09-18T07:22:48","modified_gmt":"2019-09-18T07:22:48","slug":"iletisim","status":"publish","type":"page","link":"https:\/\/damlatarim.com\/?page_id=16","title":{"rendered":"\u0130leti\u015fim"},"content":{"rendered":"\n<p class=\"has-medium-font-size\"><strong>Damla Tar\u0131m San. Tic. Ltd. \u015eti.<\/strong><\/p>\n\n\n\n<p>Kap\u0131kaya\nMevki No:40\/A AMASYA<\/p>\n\n\n\n<p>Tel : 0358 212 44 34<br>\nFax : 0358 212 82 02<br>\nCep : 0532 732 82 04<\/p>\n\n\n\n<p>Harita<\/p>\n\n\n\n<iframe loading=\"lazy\" style=\"border: 0;\" src=\"https:\/\/www.google.com\/maps\/embed?pb=!1m18!1m12!1m3!1d3027.304412415292!2d35.809209206403075!3d40.64521963009635!2m3!1f0!2f0!3f0!3m2!1i1024!2i768!4f13.1!3m3!1m2!1s0x40876ef8458ab79d%3A0x972c54eaa31b4d9d!2sDamla+Tarim!5e0!3m2!1str!2str!4v1488329164666\" width=\"600\" height=\"500\" frameborder=\"0\" allowfullscreen=\"allowfullscreen\"><\/iframe>\n","protected":false},"excerpt":{"rendered":"<p>Damla Tar\u0131m San. Tic. Ltd. \u015eti. Kap\u0131kaya Mevki No:40\/A AMASYA Tel : 0358 212 44 34 Fax : 0358 212 82 02 [&hellip;]<\/p>\n","protected":false},"author":1,"featured_media":5,"parent":0,"menu_order":0,"comment_status":"closed","ping_status":"closed","template":"","meta":{"footnotes":""},"class_list":["post-16","page","type-page","status-publish","has-post-thumbnail","hentry"],"_links":{"self":[{"href":"https:\/\/damlatarim.com\/index.php?rest_route=\/wp\/v2\/pages\/16","targetHints":{"allow":["GET"]}}],"collection":[{"href":"https:\/\/damlatarim.com\/index.php?rest_route=\/wp\/v2\/pages"}],"about":[{"href":"https:\/\/damlatarim.com\/index.php?rest_route=\/wp\/v2\/types\/page"}],"author":[{"embeddable":true,"href":"https:\/\/damlatarim.com\/index.php?rest_route=\/wp\/v2\/users\/1"}],"replies":[{"embeddable":true,"href":"https:\/\/damlatarim.com\/index.php?rest_route=%2Fwp%2Fv2%2Fcomments&post=16"}],"version-history":[{"count":1,"href":"https:\/\/damlatarim.com\/index.php?rest_route=\/wp\/v2\/pages\/16\/revisions"}],"predecessor-version":[{"id":17,"href":"https:\/\/damlatarim.com\/index.php?rest_route=\/wp\/v2\/pages\/16\/revisions\/17"}],"wp:featuredmedia":[{"embeddable":true,"href":"https:\/\/damlatarim.com\/index.php?rest_route=\/wp\/v2\/media\/5"}],"wp:attachment":[{"href":"https:\/\/damlatarim.com\/index.php?rest_route=%2Fwp%2Fv2%2Fmedia&parent=16"}],"curies":[{"name":"wp","href":"https:\/\/api.w.org\/{rel}","templated":true}]}}